{"id":1417,"date":"2026-04-07T07:27:47","date_gmt":"2026-04-07T13:27:47","guid":{"rendered":"https:\/\/vanguardialegal.com\/about-us\/francisco-munoz-chacon\/"},"modified":"2026-04-07T18:02:01","modified_gmt":"2026-04-08T00:02:01","slug":"francisco-munoz-chacon","status":"publish","type":"page","link":"https:\/\/vanguardialegal.com\/en\/about-us\/francisco-munoz-chacon\/","title":{"rendered":"Francisco Mu\u00f1oz Chac\u00f3n"},"content":{"rendered":"\t\t<div data-elementor-type=\"wp-page\" data-elementor-id=\"1417\" class=\"elementor elementor-1417 elementor-1360\">\n\t\t\t\t\t\t\t\t\t<section class=\"elementor-section elementor-top-section elementor-element elementor-element-288bbce elementor-section-full_width elementor-section-stretched elementor-section-content-middle elementor-section-height-default elementor-section-height-default\" data-id=\"288bbce\" data-element_type=\"section\" id=\"headerAbogado\" data-settings=\"{&quot;stretch_section&quot;:&quot;section-stretched&quot;,&quot;background_background&quot;:&quot;classic&quot;}\">\n\t\t\t\t\t\t<div class=\"elementor-container elementor-column-gap-default\">\n\t\t\t\t\t<div class=\"elementor-column elementor-col-100 elementor-top-column elementor-element elementor-element-b53dc3a\" data-id=\"b53dc3a\" data-element_type=\"column\">\n\t\t\t<div class=\"elementor-widget-wrap elementor-element-populated\">\n\t\t\t\t\t\t\t\t<section class=\"elementor-section elementor-inner-section elementor-element elementor-element-8dc4142 elementor-section-content-middle elementor-section-boxed elementor-section-height-default elementor-section-height-default\" data-id=\"8dc4142\" data-element_type=\"section\">\n\t\t\t\t\t\t<div class=\"elementor-container elementor-column-gap-default\">\n\t\t\t\t\t<div class=\"elementor-column elementor-col-100 elementor-inner-column elementor-element elementor-element-73a8249\" data-id=\"73a8249\" data-element_type=\"column\">\n\t\t\t<div class=\"elementor-widget-wrap\">\n\t\t\t\t\t\t\t\t\t<\/div>\n\t\t<\/div>\n\t\t\t\t\t\t\t<\/div>\n\t\t<\/section>\n\t\t\t\t\t<\/div>\n\t\t<\/div>\n\t\t\t\t\t\t\t<\/div>\n\t\t<\/section>\n\t\t\t\t<section class=\"elementor-section elementor-top-section elementor-element elementor-element-d00d3c4 elementor-section-stretched contenidoAbogado elementor-section-boxed elementor-section-height-default elementor-section-height-default\" data-id=\"d00d3c4\" data-element_type=\"section\" data-settings=\"{&quot;stretch_section&quot;:&quot;section-stretched&quot;}\">\n\t\t\t\t\t\t<div class=\"elementor-container elementor-column-gap-default\">\n\t\t\t\t\t<div class=\"elementor-column elementor-col-50 elementor-top-column elementor-element elementor-element-f15e834\" data-id=\"f15e834\" data-element_type=\"column\">\n\t\t\t<div class=\"elementor-widget-wrap elementor-element-populated\">\n\t\t\t\t\t\t\t\t<div class=\"elementor-element elementor-element-d97bedf elementor-widget elementor-widget-image\" data-id=\"d97bedf\" data-element_type=\"widget\" data-widget_type=\"image.default\">\n\t\t\t\t<div class=\"elementor-widget-container\">\n\t\t\t<style>\/*! elementor - v3.11.5 - 14-03-2023 *\/\n.elementor-widget-image{text-align:center}.elementor-widget-image a{display:inline-block}.elementor-widget-image a img[src$=\".svg\"]{width:48px}.elementor-widget-image img{vertical-align:middle;display:inline-block}<\/style>\t\t\t\t\t\t\t\t\t\t\t\t<img decoding=\"async\" width=\"685\" height=\"1024\" src=\"https:\/\/vanguardialegal.com\/wp-content\/uploads\/2026\/04\/equipo-francisco-munoz-chacon-vanguardia-685x1024.jpg\" class=\"attachment-large size-large wp-image-1364\" alt=\"\" loading=\"lazy\" srcset=\"https:\/\/vanguardialegal.com\/wp-content\/uploads\/2026\/04\/equipo-francisco-munoz-chacon-vanguardia-685x1024.jpg 685w, https:\/\/vanguardialegal.com\/wp-content\/uploads\/2026\/04\/equipo-francisco-munoz-chacon-vanguardia-201x300.jpg 201w, https:\/\/vanguardialegal.com\/wp-content\/uploads\/2026\/04\/equipo-francisco-munoz-chacon-vanguardia-768x1149.jpg 768w, https:\/\/vanguardialegal.com\/wp-content\/uploads\/2026\/04\/equipo-francisco-munoz-chacon-vanguardia.jpg 960w\" sizes=\"(max-width: 685px) 100vw, 685px\" \/>\t\t\t\t\t\t\t\t\t\t\t\t\t\t\t<\/div>\n\t\t\t\t<\/div>\n\t\t\t\t\t<\/div>\n\t\t<\/div>\n\t\t\t\t<div class=\"elementor-column elementor-col-50 elementor-top-column elementor-element elementor-element-ab69910\" data-id=\"ab69910\" data-element_type=\"column\">\n\t\t\t<div class=\"elementor-widget-wrap elementor-element-populated\">\n\t\t\t\t\t\t\t\t<div class=\"elementor-element elementor-element-d6552b4 elementor-widget elementor-widget-heading\" data-id=\"d6552b4\" data-element_type=\"widget\" data-widget_type=\"heading.default\">\n\t\t\t\t<div class=\"elementor-widget-container\">\n\t\t\t<style>\/*! elementor - v3.11.5 - 14-03-2023 *\/\n.elementor-heading-title{padding:0;margin:0;line-height:1}.elementor-widget-heading .elementor-heading-title[class*=elementor-size-]>a{color:inherit;font-size:inherit;line-height:inherit}.elementor-widget-heading .elementor-heading-title.elementor-size-small{font-size:15px}.elementor-widget-heading .elementor-heading-title.elementor-size-medium{font-size:19px}.elementor-widget-heading .elementor-heading-title.elementor-size-large{font-size:29px}.elementor-widget-heading .elementor-heading-title.elementor-size-xl{font-size:39px}.elementor-widget-heading .elementor-heading-title.elementor-size-xxl{font-size:59px}<\/style><h1 class=\"elementor-heading-title elementor-size-default\">FRANCISCO <br>MU\u00d1OZ <br><strong>CHAC\u00d3N<\/strong>\n<\/h1>\t\t<\/div>\n\t\t\t\t<\/div>\n\t\t\t\t<div class=\"elementor-element elementor-element-851e9df elementor-icon-list--layout-traditional elementor-list-item-link-full_width elementor-widget elementor-widget-icon-list\" data-id=\"851e9df\" data-element_type=\"widget\" data-widget_type=\"icon-list.default\">\n\t\t\t\t<div class=\"elementor-widget-container\">\n\t\t\t<link rel=\"stylesheet\" href=\"https:\/\/vanguardialegal.com\/wp-content\/plugins\/elementor\/assets\/css\/widget-icon-list.min.css\">\t\t<ul class=\"elementor-icon-list-items\">\n\t\t\t\t\t\t\t<li class=\"elementor-icon-list-item\">\n\t\t\t\t\t\t\t\t\t\t<span class=\"elementor-icon-list-text\">Attorney.<br>External Associate.<\/span>\n\t\t\t\t\t\t\t\t\t<\/li>\n\t\t\t\t\t\t\t\t<li class=\"elementor-icon-list-item\">\n\t\t\t\t\t\t\t\t\t\t\t<a href=\"mailto:frankmch40@gmail.com\">\n\n\t\t\t\t\t\t\t\t\t\t\t<span class=\"elementor-icon-list-text\">frankmch40@gmail.com<\/span>\n\t\t\t\t\t\t\t\t\t\t\t<\/a>\n\t\t\t\t\t\t\t\t\t<\/li>\n\t\t\t\t\t\t<\/ul>\n\t\t\t\t<\/div>\n\t\t\t\t<\/div>\n\t\t\t\t<div class=\"elementor-element elementor-element-5e29f41 elementor-widget elementor-widget-text-editor\" data-id=\"5e29f41\" data-element_type=\"widget\" data-widget_type=\"text-editor.default\">\n\t\t\t\t<div class=\"elementor-widget-container\">\n\t\t\t<style>\/*! elementor - v3.11.5 - 14-03-2023 *\/\n.elementor-widget-text-editor.elementor-drop-cap-view-stacked .elementor-drop-cap{background-color:#818a91;color:#fff}.elementor-widget-text-editor.elementor-drop-cap-view-framed .elementor-drop-cap{color:#818a91;border:3px solid;background-color:transparent}.elementor-widget-text-editor:not(.elementor-drop-cap-view-default) .elementor-drop-cap{margin-top:8px}.elementor-widget-text-editor:not(.elementor-drop-cap-view-default) .elementor-drop-cap-letter{width:1em;height:1em}.elementor-widget-text-editor .elementor-drop-cap{float:left;text-align:center;line-height:1;font-size:50px}.elementor-widget-text-editor .elementor-drop-cap-letter{display:inline-block}<\/style>\t\t\t\t<p>Francisco Mu\u00f1oz Chac\u00f3n holds a Law degree from the <em>Collegium Academicum<\/em> of Universidad Aut\u00f3noma de Centroam\u00e9rica (UACA). He has more than twenty-five years of professional experience, entirely devoted to the practice of Public Law in its various fields, which has allowed him to develop a solid and highly specialized professional profile in this area.<\/p><p>Since April 2022, he has served as a full member of the National Consumer Commission. Throughout his career, he has held several relevant public positions, including roles at the Department of Economy, Industry and Commerce, where he worked from March 16, 1998, to August 30, 1999. Subsequently, during the period from September 1, 1999, to June 30, 2007, he held the position of Legal Professional II in the Legal Department of the Public Services Regulatory Authority.<\/p><p>Likewise, from August 8, 2005, until October 9, 2019, he served as an Administrative Litigation Judge at the Administrative Litigation and Civil Tax Court of the Judicial Branch, an experience that strengthened his practical and jurisprudential expertise in matters related to the control of administrative legality.<\/p><p>He currently practices law independently, working as a consultant and litigator in the field of Public Law.<\/p><p>In the academic field, he has made significant doctrinal contributions through the publication of various articles in legal journals such as Ivstitia and Acta Acad\u00e9mica, addressing topics related to Administrative Law.<\/p>\t\t\t\t\t\t<\/div>\n\t\t\t\t<\/div>\n\t\t\t\t\t<\/div>\n\t\t<\/div>\n\t\t\t\t\t\t\t<\/div>\n\t\t<\/section>\n\t\t\t\t\t\t\t<\/div>\n\t\t","protected":false},"excerpt":{"rendered":"<p>FRANCISCO MU\u00d1OZ CHAC\u00d3N Attorney.External Associate. frankmch40@gmail.com Francisco Mu\u00f1oz Chac\u00f3n holds a Law degree from the Collegium Academicum of Universidad Aut\u00f3noma de Centroam\u00e9rica (UACA). He has more than twenty-five years of professional experience, entirely devoted to the practice of Public Law in its various fields, which has allowed him to develop a solid and highly specialized [&hellip;]<\/p>\n","protected":false},"author":1,"featured_media":0,"parent":813,"menu_order":0,"comment_status":"closed","ping_status":"closed","template":"","meta":[],"_links":{"self":[{"href":"https:\/\/vanguardialegal.com\/en\/wp-json\/wp\/v2\/pages\/1417"}],"collection":[{"href":"https:\/\/vanguardialegal.com\/en\/wp-json\/wp\/v2\/pages"}],"about":[{"href":"https:\/\/vanguardialegal.com\/en\/wp-json\/wp\/v2\/types\/page"}],"author":[{"embeddable":true,"href":"https:\/\/vanguardialegal.com\/en\/wp-json\/wp\/v2\/users\/1"}],"replies":[{"embeddable":true,"href":"https:\/\/vanguardialegal.com\/en\/wp-json\/wp\/v2\/comments?post=1417"}],"version-history":[{"count":7,"href":"https:\/\/vanguardialegal.com\/en\/wp-json\/wp\/v2\/pages\/1417\/revisions"}],"predecessor-version":[{"id":1504,"href":"https:\/\/vanguardialegal.com\/en\/wp-json\/wp\/v2\/pages\/1417\/revisions\/1504"}],"up":[{"embeddable":true,"href":"https:\/\/vanguardialegal.com\/en\/wp-json\/wp\/v2\/pages\/813"}],"wp:attachment":[{"href":"https:\/\/vanguardialegal.com\/en\/wp-json\/wp\/v2\/media?parent=1417"}],"curies":[{"name":"wp","href":"https:\/\/api.w.org\/{rel}","templated":true}]}}