{"id":1419,"date":"2026-04-07T07:32:53","date_gmt":"2026-04-07T13:32:53","guid":{"rendered":"https:\/\/vanguardialegal.com\/about-us\/galina-morales-sanchez\/"},"modified":"2026-04-07T15:35:09","modified_gmt":"2026-04-07T21:35:09","slug":"galina-morales-sanchez","status":"publish","type":"page","link":"https:\/\/vanguardialegal.com\/en\/about-us\/galina-morales-sanchez\/","title":{"rendered":"Galina Morales S\u00e1nchez"},"content":{"rendered":"\t\t<div data-elementor-type=\"wp-page\" data-elementor-id=\"1419\" class=\"elementor elementor-1419 elementor-1371\">\n\t\t\t\t\t\t\t\t\t<section class=\"elementor-section elementor-top-section elementor-element elementor-element-2307ba8 elementor-section-full_width elementor-section-stretched elementor-section-content-middle elementor-section-height-default elementor-section-height-default\" data-id=\"2307ba8\" data-element_type=\"section\" id=\"headerAbogado\" data-settings=\"{&quot;stretch_section&quot;:&quot;section-stretched&quot;,&quot;background_background&quot;:&quot;classic&quot;}\">\n\t\t\t\t\t\t<div class=\"elementor-container elementor-column-gap-default\">\n\t\t\t\t\t<div class=\"elementor-column elementor-col-100 elementor-top-column elementor-element elementor-element-5387a4c\" data-id=\"5387a4c\" data-element_type=\"column\">\n\t\t\t<div class=\"elementor-widget-wrap elementor-element-populated\">\n\t\t\t\t\t\t\t\t<section class=\"elementor-section elementor-inner-section elementor-element elementor-element-ff6a1b1 elementor-section-content-middle elementor-section-boxed elementor-section-height-default elementor-section-height-default\" data-id=\"ff6a1b1\" data-element_type=\"section\">\n\t\t\t\t\t\t<div class=\"elementor-container elementor-column-gap-default\">\n\t\t\t\t\t<div class=\"elementor-column elementor-col-100 elementor-inner-column elementor-element elementor-element-2a62e10\" data-id=\"2a62e10\" data-element_type=\"column\">\n\t\t\t<div class=\"elementor-widget-wrap\">\n\t\t\t\t\t\t\t\t\t<\/div>\n\t\t<\/div>\n\t\t\t\t\t\t\t<\/div>\n\t\t<\/section>\n\t\t\t\t\t<\/div>\n\t\t<\/div>\n\t\t\t\t\t\t\t<\/div>\n\t\t<\/section>\n\t\t\t\t<section class=\"elementor-section elementor-top-section elementor-element elementor-element-2dbd138 elementor-section-stretched contenidoAbogado elementor-section-boxed elementor-section-height-default elementor-section-height-default\" data-id=\"2dbd138\" data-element_type=\"section\" data-settings=\"{&quot;stretch_section&quot;:&quot;section-stretched&quot;}\">\n\t\t\t\t\t\t<div class=\"elementor-container elementor-column-gap-default\">\n\t\t\t\t\t<div class=\"elementor-column elementor-col-50 elementor-top-column elementor-element elementor-element-011e9fd\" data-id=\"011e9fd\" data-element_type=\"column\">\n\t\t\t<div class=\"elementor-widget-wrap elementor-element-populated\">\n\t\t\t\t\t\t\t\t<div class=\"elementor-element elementor-element-bcccf52 elementor-widget elementor-widget-image\" data-id=\"bcccf52\" data-element_type=\"widget\" data-widget_type=\"image.default\">\n\t\t\t\t<div class=\"elementor-widget-container\">\n\t\t\t<style>\/*! elementor - v3.11.5 - 14-03-2023 *\/\n.elementor-widget-image{text-align:center}.elementor-widget-image a{display:inline-block}.elementor-widget-image a img[src$=\".svg\"]{width:48px}.elementor-widget-image img{vertical-align:middle;display:inline-block}<\/style>\t\t\t\t\t\t\t\t\t\t\t\t<img decoding=\"async\" width=\"685\" height=\"1024\" src=\"https:\/\/vanguardialegal.com\/wp-content\/uploads\/2026\/04\/equipo-galina-morales-sanchez-vanguardia-685x1024.jpg\" class=\"attachment-large size-large wp-image-1377\" alt=\"\" loading=\"lazy\" srcset=\"https:\/\/vanguardialegal.com\/wp-content\/uploads\/2026\/04\/equipo-galina-morales-sanchez-vanguardia-685x1024.jpg 685w, https:\/\/vanguardialegal.com\/wp-content\/uploads\/2026\/04\/equipo-galina-morales-sanchez-vanguardia-201x300.jpg 201w, https:\/\/vanguardialegal.com\/wp-content\/uploads\/2026\/04\/equipo-galina-morales-sanchez-vanguardia-768x1149.jpg 768w, https:\/\/vanguardialegal.com\/wp-content\/uploads\/2026\/04\/equipo-galina-morales-sanchez-vanguardia.jpg 960w\" sizes=\"(max-width: 685px) 100vw, 685px\" \/>\t\t\t\t\t\t\t\t\t\t\t\t\t\t\t<\/div>\n\t\t\t\t<\/div>\n\t\t\t\t\t<\/div>\n\t\t<\/div>\n\t\t\t\t<div class=\"elementor-column elementor-col-50 elementor-top-column elementor-element elementor-element-c14aaef\" data-id=\"c14aaef\" data-element_type=\"column\">\n\t\t\t<div class=\"elementor-widget-wrap elementor-element-populated\">\n\t\t\t\t\t\t\t\t<div class=\"elementor-element elementor-element-a6500fb elementor-widget elementor-widget-heading\" data-id=\"a6500fb\" data-element_type=\"widget\" data-widget_type=\"heading.default\">\n\t\t\t\t<div class=\"elementor-widget-container\">\n\t\t\t<style>\/*! elementor - v3.11.5 - 14-03-2023 *\/\n.elementor-heading-title{padding:0;margin:0;line-height:1}.elementor-widget-heading .elementor-heading-title[class*=elementor-size-]>a{color:inherit;font-size:inherit;line-height:inherit}.elementor-widget-heading .elementor-heading-title.elementor-size-small{font-size:15px}.elementor-widget-heading .elementor-heading-title.elementor-size-medium{font-size:19px}.elementor-widget-heading .elementor-heading-title.elementor-size-large{font-size:29px}.elementor-widget-heading .elementor-heading-title.elementor-size-xl{font-size:39px}.elementor-widget-heading .elementor-heading-title.elementor-size-xxl{font-size:59px}<\/style><h1 class=\"elementor-heading-title elementor-size-default\">GALINA <br>MORALES <br><strong>S\u00c1NCHEZ<\/strong>\n<\/h1>\t\t<\/div>\n\t\t\t\t<\/div>\n\t\t\t\t<div class=\"elementor-element elementor-element-8ced19d elementor-icon-list--layout-traditional elementor-list-item-link-full_width elementor-widget elementor-widget-icon-list\" data-id=\"8ced19d\" data-element_type=\"widget\" data-widget_type=\"icon-list.default\">\n\t\t\t\t<div class=\"elementor-widget-container\">\n\t\t\t<link rel=\"stylesheet\" href=\"https:\/\/vanguardialegal.com\/wp-content\/plugins\/elementor\/assets\/css\/widget-icon-list.min.css\">\t\t<ul class=\"elementor-icon-list-items\">\n\t\t\t\t\t\t\t<li class=\"elementor-icon-list-item\">\n\t\t\t\t\t\t\t\t\t\t<span class=\"elementor-icon-list-text\">Attorney and Notary Public.<br>Associate.<\/span>\n\t\t\t\t\t\t\t\t\t<\/li>\n\t\t\t\t\t\t\t\t<li class=\"elementor-icon-list-item\">\n\t\t\t\t\t\t\t\t\t\t\t<a href=\"mailto:gmorales@vanguardialegal.com\">\n\n\t\t\t\t\t\t\t\t\t\t\t<span class=\"elementor-icon-list-text\">gmorales@vanguardialegal.com<\/span>\n\t\t\t\t\t\t\t\t\t\t\t<\/a>\n\t\t\t\t\t\t\t\t\t<\/li>\n\t\t\t\t\t\t<\/ul>\n\t\t\t\t<\/div>\n\t\t\t\t<\/div>\n\t\t\t\t<div class=\"elementor-element elementor-element-565846f elementor-widget elementor-widget-text-editor\" data-id=\"565846f\" data-element_type=\"widget\" data-widget_type=\"text-editor.default\">\n\t\t\t\t<div class=\"elementor-widget-container\">\n\t\t\t<style>\/*! elementor - v3.11.5 - 14-03-2023 *\/\n.elementor-widget-text-editor.elementor-drop-cap-view-stacked .elementor-drop-cap{background-color:#818a91;color:#fff}.elementor-widget-text-editor.elementor-drop-cap-view-framed .elementor-drop-cap{color:#818a91;border:3px solid;background-color:transparent}.elementor-widget-text-editor:not(.elementor-drop-cap-view-default) .elementor-drop-cap{margin-top:8px}.elementor-widget-text-editor:not(.elementor-drop-cap-view-default) .elementor-drop-cap-letter{width:1em;height:1em}.elementor-widget-text-editor .elementor-drop-cap{float:left;text-align:center;line-height:1;font-size:50px}.elementor-widget-text-editor .elementor-drop-cap-letter{display:inline-block}<\/style>\t\t\t\t<p>Galina holds a Law degree from Universidad Aut\u00f3noma de Centroam\u00e9rica, where she obtained her title as Attorney and Notary Public, and she was admitted to the Colegio de Abogados y Abogadas de Costa Rica in 2003. Her academic background is of a high standard, with a clear vision toward the modernization of law. She holds an MBA with an emphasis in Public Procurement from Universidad Fid\u00e9litas and has specialized as an expert in Legal Tech and Innovation from The George Washington University School of Business. In 2024, she completed her Master&#8217;s in Business Law at ADEN Business University.<\/p><p>Since the beginning of her career in 2003, Galina has practiced independently as a trial attorney, developing solid experience in judicial and extrajudicial representation, as well as in the management of complex litigation strategies. Her professional trajectory also includes significant experience within the Judicial Branch, where she served as a judge in various areas, including alimony and child support, domestic violence, collections, and conciliation matters.<\/p><p>Her profile stands out especially for her leadership in the public sector, having served as Head of the San Jos\u00e9 RAC (Alternate Dispute Resolution) Unit at the Department of Labor and Social Security from 2018 to 2024. In this role, she led the management of collective economic-social conflicts and the handling of individual and collective conciliations, as well as being responsible for designing training in negotiation techniques.<\/p><p>Galina joins Vanguardia Legal, bringing a results-oriented approach, combining technical excellence with a strong capacity for active listening and empathy. Her professional practice focuses on labor law, compliance, and, primarily, Alternate Dispute Resolution (RAC).<\/p>\t\t\t\t\t\t<\/div>\n\t\t\t\t<\/div>\n\t\t\t\t\t<\/div>\n\t\t<\/div>\n\t\t\t\t\t\t\t<\/div>\n\t\t<\/section>\n\t\t\t\t\t\t\t<\/div>\n\t\t","protected":false},"excerpt":{"rendered":"<p>GALINA MORALES S\u00c1NCHEZ Attorney and Notary Public.Associate. gmorales@vanguardialegal.com Galina holds a Law degree from Universidad Aut\u00f3noma de Centroam\u00e9rica, where she obtained her title as Attorney and Notary Public, and she was admitted to the Colegio de Abogados y Abogadas de Costa Rica in 2003. Her academic background is of a high standard, with a clear [&hellip;]<\/p>\n","protected":false},"author":1,"featured_media":0,"parent":813,"menu_order":0,"comment_status":"closed","ping_status":"closed","template":"","meta":[],"_links":{"self":[{"href":"https:\/\/vanguardialegal.com\/en\/wp-json\/wp\/v2\/pages\/1419"}],"collection":[{"href":"https:\/\/vanguardialegal.com\/en\/wp-json\/wp\/v2\/pages"}],"about":[{"href":"https:\/\/vanguardialegal.com\/en\/wp-json\/wp\/v2\/types\/page"}],"author":[{"embeddable":true,"href":"https:\/\/vanguardialegal.com\/en\/wp-json\/wp\/v2\/users\/1"}],"replies":[{"embeddable":true,"href":"https:\/\/vanguardialegal.com\/en\/wp-json\/wp\/v2\/comments?post=1419"}],"version-history":[{"count":4,"href":"https:\/\/vanguardialegal.com\/en\/wp-json\/wp\/v2\/pages\/1419\/revisions"}],"predecessor-version":[{"id":1434,"href":"https:\/\/vanguardialegal.com\/en\/wp-json\/wp\/v2\/pages\/1419\/revisions\/1434"}],"up":[{"embeddable":true,"href":"https:\/\/vanguardialegal.com\/en\/wp-json\/wp\/v2\/pages\/813"}],"wp:attachment":[{"href":"https:\/\/vanguardialegal.com\/en\/wp-json\/wp\/v2\/media?parent=1419"}],"curies":[{"name":"wp","href":"https:\/\/api.w.org\/{rel}","templated":true}]}}