{"id":815,"date":"2023-04-17T08:16:47","date_gmt":"2023-04-17T14:16:47","guid":{"rendered":"https:\/\/vanguardialegal.com\/about-us\/natalia-rodriguez-rios\/"},"modified":"2025-05-21T20:34:29","modified_gmt":"2025-05-22T02:34:29","slug":"natalia-rodriguez-rios","status":"publish","type":"page","link":"https:\/\/vanguardialegal.com\/en\/about-us\/natalia-rodriguez-rios\/","title":{"rendered":"Natalia Rodr\u00edguez R\u00edos"},"content":{"rendered":"\t\t<div data-elementor-type=\"wp-page\" data-elementor-id=\"815\" class=\"elementor elementor-815 elementor-360\">\n\t\t\t\t\t\t\t\t\t<section class=\"elementor-section elementor-top-section elementor-element elementor-element-661105b elementor-section-full_width elementor-section-stretched elementor-section-content-middle elementor-section-height-default elementor-section-height-default\" data-id=\"661105b\" data-element_type=\"section\" id=\"headerAbogado\" data-settings=\"{&quot;stretch_section&quot;:&quot;section-stretched&quot;,&quot;background_background&quot;:&quot;classic&quot;}\">\n\t\t\t\t\t\t<div class=\"elementor-container elementor-column-gap-default\">\n\t\t\t\t\t<div class=\"elementor-column elementor-col-100 elementor-top-column elementor-element elementor-element-c8ac4ad\" data-id=\"c8ac4ad\" data-element_type=\"column\">\n\t\t\t<div class=\"elementor-widget-wrap elementor-element-populated\">\n\t\t\t\t\t\t\t\t<section class=\"elementor-section elementor-inner-section elementor-element elementor-element-f4b1feb elementor-section-content-middle elementor-section-boxed elementor-section-height-default elementor-section-height-default\" data-id=\"f4b1feb\" data-element_type=\"section\">\n\t\t\t\t\t\t<div class=\"elementor-container elementor-column-gap-default\">\n\t\t\t\t\t<div class=\"elementor-column elementor-col-100 elementor-inner-column elementor-element elementor-element-463cf4f\" data-id=\"463cf4f\" data-element_type=\"column\">\n\t\t\t<div class=\"elementor-widget-wrap\">\n\t\t\t\t\t\t\t\t\t<\/div>\n\t\t<\/div>\n\t\t\t\t\t\t\t<\/div>\n\t\t<\/section>\n\t\t\t\t\t<\/div>\n\t\t<\/div>\n\t\t\t\t\t\t\t<\/div>\n\t\t<\/section>\n\t\t\t\t<section class=\"elementor-section elementor-top-section elementor-element elementor-element-768b734 elementor-section-stretched contenidoAbogado elementor-section-boxed elementor-section-height-default elementor-section-height-default\" data-id=\"768b734\" data-element_type=\"section\" data-settings=\"{&quot;stretch_section&quot;:&quot;section-stretched&quot;}\">\n\t\t\t\t\t\t<div class=\"elementor-container elementor-column-gap-default\">\n\t\t\t\t\t<div class=\"elementor-column elementor-col-50 elementor-top-column elementor-element elementor-element-515d236\" data-id=\"515d236\" data-element_type=\"column\">\n\t\t\t<div class=\"elementor-widget-wrap elementor-element-populated\">\n\t\t\t\t\t\t\t\t<div class=\"elementor-element elementor-element-313e9c2 elementor-widget elementor-widget-image\" data-id=\"313e9c2\" data-element_type=\"widget\" data-widget_type=\"image.default\">\n\t\t\t\t<div class=\"elementor-widget-container\">\n\t\t\t<style>\/*! elementor - v3.11.5 - 14-03-2023 *\/\n.elementor-widget-image{text-align:center}.elementor-widget-image a{display:inline-block}.elementor-widget-image a img[src$=\".svg\"]{width:48px}.elementor-widget-image img{vertical-align:middle;display:inline-block}<\/style>\t\t\t\t\t\t\t\t\t\t\t\t<img decoding=\"async\" width=\"685\" height=\"1024\" src=\"https:\/\/vanguardialegal.com\/wp-content\/uploads\/2023\/11\/equipo-natalia-rodriguez-vanguardia-685x1024.jpg\" class=\"attachment-large size-large wp-image-806\" alt=\"\" loading=\"lazy\" srcset=\"https:\/\/vanguardialegal.com\/wp-content\/uploads\/2023\/11\/equipo-natalia-rodriguez-vanguardia-685x1024.jpg 685w, https:\/\/vanguardialegal.com\/wp-content\/uploads\/2023\/11\/equipo-natalia-rodriguez-vanguardia-201x300.jpg 201w, https:\/\/vanguardialegal.com\/wp-content\/uploads\/2023\/11\/equipo-natalia-rodriguez-vanguardia-768x1149.jpg 768w, https:\/\/vanguardialegal.com\/wp-content\/uploads\/2023\/11\/equipo-natalia-rodriguez-vanguardia.jpg 960w\" sizes=\"(max-width: 685px) 100vw, 685px\" \/>\t\t\t\t\t\t\t\t\t\t\t\t\t\t\t<\/div>\n\t\t\t\t<\/div>\n\t\t\t\t\t<\/div>\n\t\t<\/div>\n\t\t\t\t<div class=\"elementor-column elementor-col-50 elementor-top-column elementor-element elementor-element-84378fc\" data-id=\"84378fc\" data-element_type=\"column\">\n\t\t\t<div class=\"elementor-widget-wrap elementor-element-populated\">\n\t\t\t\t\t\t\t\t<div class=\"elementor-element elementor-element-54c637c elementor-widget elementor-widget-heading\" data-id=\"54c637c\" data-element_type=\"widget\" data-widget_type=\"heading.default\">\n\t\t\t\t<div class=\"elementor-widget-container\">\n\t\t\t<style>\/*! elementor - v3.11.5 - 14-03-2023 *\/\n.elementor-heading-title{padding:0;margin:0;line-height:1}.elementor-widget-heading .elementor-heading-title[class*=elementor-size-]>a{color:inherit;font-size:inherit;line-height:inherit}.elementor-widget-heading .elementor-heading-title.elementor-size-small{font-size:15px}.elementor-widget-heading .elementor-heading-title.elementor-size-medium{font-size:19px}.elementor-widget-heading .elementor-heading-title.elementor-size-large{font-size:29px}.elementor-widget-heading .elementor-heading-title.elementor-size-xl{font-size:39px}.elementor-widget-heading .elementor-heading-title.elementor-size-xxl{font-size:59px}<\/style><h1 class=\"elementor-heading-title elementor-size-default\">NATALIA<br>\nRODR\u00cdGUEZ<br>\n<strong>R\u00cdOS<\/strong><\/h1>\t\t<\/div>\n\t\t\t\t<\/div>\n\t\t\t\t<div class=\"elementor-element elementor-element-5af0b11 elementor-icon-list--layout-traditional elementor-list-item-link-full_width elementor-widget elementor-widget-icon-list\" data-id=\"5af0b11\" data-element_type=\"widget\" data-widget_type=\"icon-list.default\">\n\t\t\t\t<div class=\"elementor-widget-container\">\n\t\t\t<link rel=\"stylesheet\" href=\"https:\/\/vanguardialegal.com\/wp-content\/plugins\/elementor\/assets\/css\/widget-icon-list.min.css\">\t\t<ul class=\"elementor-icon-list-items\">\n\t\t\t\t\t\t\t<li class=\"elementor-icon-list-item\">\n\t\t\t\t\t\t\t\t\t\t<span class=\"elementor-icon-list-text\">Attorney and Notary Public.<br>Founding Partner.<\/span>\n\t\t\t\t\t\t\t\t\t<\/li>\n\t\t\t\t\t\t\t\t<li class=\"elementor-icon-list-item\">\n\t\t\t\t\t\t\t\t\t\t\t<a href=\"mailto:nrodriguez@vanguardialegal.com\">\n\n\t\t\t\t\t\t\t\t\t\t\t<span class=\"elementor-icon-list-text\">nrodriguez@vanguardialegal.com<\/span>\n\t\t\t\t\t\t\t\t\t\t\t<\/a>\n\t\t\t\t\t\t\t\t\t<\/li>\n\t\t\t\t\t\t<\/ul>\n\t\t\t\t<\/div>\n\t\t\t\t<\/div>\n\t\t\t\t<div class=\"elementor-element elementor-element-4688fe9 elementor-widget elementor-widget-text-editor\" data-id=\"4688fe9\" data-element_type=\"widget\" data-widget_type=\"text-editor.default\">\n\t\t\t\t<div class=\"elementor-widget-container\">\n\t\t\t<style>\/*! elementor - v3.11.5 - 14-03-2023 *\/\n.elementor-widget-text-editor.elementor-drop-cap-view-stacked .elementor-drop-cap{background-color:#818a91;color:#fff}.elementor-widget-text-editor.elementor-drop-cap-view-framed .elementor-drop-cap{color:#818a91;border:3px solid;background-color:transparent}.elementor-widget-text-editor:not(.elementor-drop-cap-view-default) .elementor-drop-cap{margin-top:8px}.elementor-widget-text-editor:not(.elementor-drop-cap-view-default) .elementor-drop-cap-letter{width:1em;height:1em}.elementor-widget-text-editor .elementor-drop-cap{float:left;text-align:center;line-height:1;font-size:50px}.elementor-widget-text-editor .elementor-drop-cap-letter{display:inline-block}<\/style>\t\t\t\t<p>Natalia Rodr\u00edguez holds a Law degree from the University of Costa Rica, graduating with honors in 2010. In 2012, she also obtained, with honors, a specialization in Notarial and Registry Law from La Salle University. More recently, she completed a Master\u2019s in Business Law at the University for International Cooperation (2022\u20132024) with distinction, further strengthening her strategic approach and ability to offer comprehensive legal solutions within the business environment.<\/p><p>She has been a member of the Costa Rican Bar Association since 2011 and a licensed notary public since May 2013. Natalia practices in the areas of notarial and registry law, commercial and business law\u2014focusing particularly on small and medium-sized businesses\u2014intellectual property law, and estate proceedings both judicially and notarially. She is also an expert in real estate and urban law, excelling in the creation, structure, and regulation of residential condominiums.<\/p><p>From the beginning of her career, Natalia has independently developed her client portfolio, closely supporting entrepreneurs and businesses in their legal processes. In 2023, she founded Vanguardia Legal, where she acts as Managing Partner. She leads with a combination of technical excellence, strategic vision, and human skills that have been key to consolidating a committed, multidisciplinary team.<\/p><p>Her education is complemented by the &#8220;Leading People &amp; Change Management&#8221; certification from INCAE Business School (August\u2013October 2024), focused on leadership and organizational change management. This, along with her character and vocation for service, enhances her leadership capacity within the firm and her role as a legal advisor in corporate settings.<\/p><p>Natalia has been invited to serve as a legal advisor to various board directors, providing a comprehensive legal perspective for strategic processes and decision-making. Her commitment to quality, professional ethics, and close client support define her practice and Vanguardia Legal&#8217;s culture.<\/p><p><strong>Languages: Spanish (native) &#8211; English (professional).<\/strong><\/p>\t\t\t\t\t\t<\/div>\n\t\t\t\t<\/div>\n\t\t\t\t\t<\/div>\n\t\t<\/div>\n\t\t\t\t\t\t\t<\/div>\n\t\t<\/section>\n\t\t\t\t\t\t\t<\/div>\n\t\t","protected":false},"excerpt":{"rendered":"<p>NATALIA RODR\u00cdGUEZ R\u00cdOS Attorney and Notary Public.Founding Partner. nrodriguez@vanguardialegal.com Natalia Rodr\u00edguez holds a Law degree from the University of Costa Rica, graduating with honors in 2010. In 2012, she also obtained, with honors, a specialization in Notarial and Registry Law from La Salle University. More recently, she completed a Master\u2019s in Business Law at the [&hellip;]<\/p>\n","protected":false},"author":1,"featured_media":0,"parent":813,"menu_order":0,"comment_status":"closed","ping_status":"closed","template":"","meta":[],"_links":{"self":[{"href":"https:\/\/vanguardialegal.com\/en\/wp-json\/wp\/v2\/pages\/815"}],"collection":[{"href":"https:\/\/vanguardialegal.com\/en\/wp-json\/wp\/v2\/pages"}],"about":[{"href":"https:\/\/vanguardialegal.com\/en\/wp-json\/wp\/v2\/types\/page"}],"author":[{"embeddable":true,"href":"https:\/\/vanguardialegal.com\/en\/wp-json\/wp\/v2\/users\/1"}],"replies":[{"embeddable":true,"href":"https:\/\/vanguardialegal.com\/en\/wp-json\/wp\/v2\/comments?post=815"}],"version-history":[{"count":6,"href":"https:\/\/vanguardialegal.com\/en\/wp-json\/wp\/v2\/pages\/815\/revisions"}],"predecessor-version":[{"id":1318,"href":"https:\/\/vanguardialegal.com\/en\/wp-json\/wp\/v2\/pages\/815\/revisions\/1318"}],"up":[{"embeddable":true,"href":"https:\/\/vanguardialegal.com\/en\/wp-json\/wp\/v2\/pages\/813"}],"wp:attachment":[{"href":"https:\/\/vanguardialegal.com\/en\/wp-json\/wp\/v2\/media?parent=815"}],"curies":[{"name":"wp","href":"https:\/\/api.w.org\/{rel}","templated":true}]}}