{"id":819,"date":"2023-04-16T20:40:45","date_gmt":"2023-04-17T02:40:45","guid":{"rendered":"https:\/\/vanguardialegal.com\/about-us\/maria-paula-solorzano-vargas\/"},"modified":"2023-12-05T11:07:06","modified_gmt":"2023-12-05T17:07:06","slug":"maria-paula-solorzano-vargas","status":"publish","type":"page","link":"https:\/\/vanguardialegal.com\/en\/about-us\/maria-paula-solorzano-vargas\/","title":{"rendered":"Mar\u00eda Paula Sol\u00f3rzano Vargas"},"content":{"rendered":"\t\t<div data-elementor-type=\"wp-page\" data-elementor-id=\"819\" class=\"elementor elementor-819 elementor-341\">\n\t\t\t\t\t\t\t\t\t<section class=\"elementor-section elementor-top-section elementor-element elementor-element-b96de44 elementor-section-full_width elementor-section-stretched elementor-section-content-middle elementor-section-height-default elementor-section-height-default\" data-id=\"b96de44\" data-element_type=\"section\" id=\"headerAbogado\" data-settings=\"{&quot;stretch_section&quot;:&quot;section-stretched&quot;,&quot;background_background&quot;:&quot;classic&quot;}\">\n\t\t\t\t\t\t<div class=\"elementor-container elementor-column-gap-default\">\n\t\t\t\t\t<div class=\"elementor-column elementor-col-100 elementor-top-column elementor-element elementor-element-e46ac36\" data-id=\"e46ac36\" data-element_type=\"column\">\n\t\t\t<div class=\"elementor-widget-wrap elementor-element-populated\">\n\t\t\t\t\t\t\t\t<section class=\"elementor-section elementor-inner-section elementor-element elementor-element-c92b0b2 elementor-section-content-middle elementor-section-boxed elementor-section-height-default elementor-section-height-default\" data-id=\"c92b0b2\" data-element_type=\"section\">\n\t\t\t\t\t\t<div class=\"elementor-container elementor-column-gap-default\">\n\t\t\t\t\t<div class=\"elementor-column elementor-col-100 elementor-inner-column elementor-element elementor-element-21b8d41\" data-id=\"21b8d41\" data-element_type=\"column\">\n\t\t\t<div class=\"elementor-widget-wrap\">\n\t\t\t\t\t\t\t\t\t<\/div>\n\t\t<\/div>\n\t\t\t\t\t\t\t<\/div>\n\t\t<\/section>\n\t\t\t\t\t<\/div>\n\t\t<\/div>\n\t\t\t\t\t\t\t<\/div>\n\t\t<\/section>\n\t\t\t\t<section class=\"elementor-section elementor-top-section elementor-element elementor-element-c44684d elementor-section-stretched contenidoAbogado elementor-section-boxed elementor-section-height-default elementor-section-height-default\" data-id=\"c44684d\" data-element_type=\"section\" data-settings=\"{&quot;stretch_section&quot;:&quot;section-stretched&quot;}\">\n\t\t\t\t\t\t<div class=\"elementor-container elementor-column-gap-default\">\n\t\t\t\t\t<div class=\"elementor-column elementor-col-50 elementor-top-column elementor-element elementor-element-e03cd92\" data-id=\"e03cd92\" data-element_type=\"column\">\n\t\t\t<div class=\"elementor-widget-wrap elementor-element-populated\">\n\t\t\t\t\t\t\t\t<div class=\"elementor-element elementor-element-a5abc3e elementor-widget elementor-widget-image\" data-id=\"a5abc3e\" data-element_type=\"widget\" data-widget_type=\"image.default\">\n\t\t\t\t<div class=\"elementor-widget-container\">\n\t\t\t<style>\/*! elementor - v3.11.5 - 14-03-2023 *\/\n.elementor-widget-image{text-align:center}.elementor-widget-image a{display:inline-block}.elementor-widget-image a img[src$=\".svg\"]{width:48px}.elementor-widget-image img{vertical-align:middle;display:inline-block}<\/style>\t\t\t\t\t\t\t\t\t\t\t\t<img decoding=\"async\" width=\"685\" height=\"1024\" src=\"https:\/\/vanguardialegal.com\/wp-content\/uploads\/2023\/11\/equipo-maria-paula-vanguardia-685x1024.jpg\" class=\"attachment-large size-large wp-image-805\" alt=\"\" loading=\"lazy\" srcset=\"https:\/\/vanguardialegal.com\/wp-content\/uploads\/2023\/11\/equipo-maria-paula-vanguardia-685x1024.jpg 685w, https:\/\/vanguardialegal.com\/wp-content\/uploads\/2023\/11\/equipo-maria-paula-vanguardia-201x300.jpg 201w, https:\/\/vanguardialegal.com\/wp-content\/uploads\/2023\/11\/equipo-maria-paula-vanguardia-768x1149.jpg 768w, https:\/\/vanguardialegal.com\/wp-content\/uploads\/2023\/11\/equipo-maria-paula-vanguardia.jpg 960w\" sizes=\"(max-width: 685px) 100vw, 685px\" \/>\t\t\t\t\t\t\t\t\t\t\t\t\t\t\t<\/div>\n\t\t\t\t<\/div>\n\t\t\t\t\t<\/div>\n\t\t<\/div>\n\t\t\t\t<div class=\"elementor-column elementor-col-50 elementor-top-column elementor-element elementor-element-9771281\" data-id=\"9771281\" data-element_type=\"column\">\n\t\t\t<div class=\"elementor-widget-wrap elementor-element-populated\">\n\t\t\t\t\t\t\t\t<div class=\"elementor-element elementor-element-b71345e elementor-widget elementor-widget-heading\" data-id=\"b71345e\" data-element_type=\"widget\" data-widget_type=\"heading.default\">\n\t\t\t\t<div class=\"elementor-widget-container\">\n\t\t\t<style>\/*! elementor - v3.11.5 - 14-03-2023 *\/\n.elementor-heading-title{padding:0;margin:0;line-height:1}.elementor-widget-heading .elementor-heading-title[class*=elementor-size-]>a{color:inherit;font-size:inherit;line-height:inherit}.elementor-widget-heading .elementor-heading-title.elementor-size-small{font-size:15px}.elementor-widget-heading .elementor-heading-title.elementor-size-medium{font-size:19px}.elementor-widget-heading .elementor-heading-title.elementor-size-large{font-size:29px}.elementor-widget-heading .elementor-heading-title.elementor-size-xl{font-size:39px}.elementor-widget-heading .elementor-heading-title.elementor-size-xxl{font-size:59px}<\/style><h1 class=\"elementor-heading-title elementor-size-default\">MAR\u00cdA PAULA<br>\nSOL\u00d3RZANO<br>\n<strong>VARGAS<\/strong><\/h1>\t\t<\/div>\n\t\t\t\t<\/div>\n\t\t\t\t<div class=\"elementor-element elementor-element-3726c9e elementor-icon-list--layout-traditional elementor-list-item-link-full_width elementor-widget elementor-widget-icon-list\" data-id=\"3726c9e\" data-element_type=\"widget\" data-widget_type=\"icon-list.default\">\n\t\t\t\t<div class=\"elementor-widget-container\">\n\t\t\t<link rel=\"stylesheet\" href=\"https:\/\/vanguardialegal.com\/wp-content\/plugins\/elementor\/assets\/css\/widget-icon-list.min.css\">\t\t<ul class=\"elementor-icon-list-items\">\n\t\t\t\t\t\t\t<li class=\"elementor-icon-list-item\">\n\t\t\t\t\t\t\t\t\t\t<span class=\"elementor-icon-list-text\">Lawyer. Associate<\/span>\n\t\t\t\t\t\t\t\t\t<\/li>\n\t\t\t\t\t\t\t\t<li class=\"elementor-icon-list-item\">\n\t\t\t\t\t\t\t\t\t\t\t<a href=\"mailto:msolorzano@vanguardialegal.com\">\n\n\t\t\t\t\t\t\t\t\t\t\t<span class=\"elementor-icon-list-text\">msolorzano@vanguardialegal.com<\/span>\n\t\t\t\t\t\t\t\t\t\t\t<\/a>\n\t\t\t\t\t\t\t\t\t<\/li>\n\t\t\t\t\t\t<\/ul>\n\t\t\t\t<\/div>\n\t\t\t\t<\/div>\n\t\t\t\t<div class=\"elementor-element elementor-element-e01d941 elementor-widget elementor-widget-text-editor\" data-id=\"e01d941\" data-element_type=\"widget\" data-widget_type=\"text-editor.default\">\n\t\t\t\t<div class=\"elementor-widget-container\">\n\t\t\t<style>\/*! elementor - v3.11.5 - 14-03-2023 *\/\n.elementor-widget-text-editor.elementor-drop-cap-view-stacked .elementor-drop-cap{background-color:#818a91;color:#fff}.elementor-widget-text-editor.elementor-drop-cap-view-framed .elementor-drop-cap{color:#818a91;border:3px solid;background-color:transparent}.elementor-widget-text-editor:not(.elementor-drop-cap-view-default) .elementor-drop-cap{margin-top:8px}.elementor-widget-text-editor:not(.elementor-drop-cap-view-default) .elementor-drop-cap-letter{width:1em;height:1em}.elementor-widget-text-editor .elementor-drop-cap{float:left;text-align:center;line-height:1;font-size:50px}.elementor-widget-text-editor .elementor-drop-cap-letter{display:inline-block}<\/style>\t\t\t\t<p>Mar\u00eda Paula Sol\u00f3rzano has a degree in Law from the Universidad de Costa Rica, graduated in 2011 and joined the Costa Rican Bar Association in 2012. She has worked for recognized legal firms providing services to multinational companies.<\/p><p>Currently, she works as outside counsel for Vanguardia Legal providing support to clients of the firm in matters of business law (diligence, commercial law, labor law, real estate law, mergers and acquisitions and corporate governance) also provides advice on conflict resolution, both preventively and in tending to and processing litigation and arbitration.<\/p><p>As a litigation attorney, Mar\u00eda Paula has extensive knowledge in the management of judicial processes, as well as alternative dispute resolution (RAC) and private negotiation, developing critical thinking and outstanding communication skills, both oral and written. She has advised her clients in matters of diverse nature: advice on labor matters, dispute resolution, drafting and reviewing of contracts, claims for breach of agreements, judicial collection and mortgage procedures, among others.<\/p><p>During her career, she has tended to multiple labor, commercial, transit, collections, civil, real estate, lease and agrarian lawsuits, which have resulted in favorable settlements or successful verdicts. Atty. Sol\u00f3rzano is a specialist in Notarial and Registry Law from Universidad La Salle and began her studies of Master of Business Law, at the Universidad Latinoamericana de Ciencia y Tecnolog\u00eda (Ulacit).<\/p><p><strong>Languages: Spanish (native), English (professional) and French (professional).<\/strong><\/p>\t\t\t\t\t\t<\/div>\n\t\t\t\t<\/div>\n\t\t\t\t\t<\/div>\n\t\t<\/div>\n\t\t\t\t\t\t\t<\/div>\n\t\t<\/section>\n\t\t\t\t\t\t\t<\/div>\n\t\t","protected":false},"excerpt":{"rendered":"<p>MAR\u00cdA PAULA SOL\u00d3RZANO VARGAS Lawyer. Associate msolorzano@vanguardialegal.com Mar\u00eda Paula Sol\u00f3rzano has a degree in Law from the Universidad de Costa Rica, graduated in 2011 and joined the Costa Rican Bar Association in 2012. She has worked for recognized legal firms providing services to multinational companies. Currently, she works as outside counsel for Vanguardia Legal providing [&hellip;]<\/p>\n","protected":false},"author":1,"featured_media":0,"parent":813,"menu_order":0,"comment_status":"closed","ping_status":"closed","template":"","meta":[],"_links":{"self":[{"href":"https:\/\/vanguardialegal.com\/en\/wp-json\/wp\/v2\/pages\/819"}],"collection":[{"href":"https:\/\/vanguardialegal.com\/en\/wp-json\/wp\/v2\/pages"}],"about":[{"href":"https:\/\/vanguardialegal.com\/en\/wp-json\/wp\/v2\/types\/page"}],"author":[{"embeddable":true,"href":"https:\/\/vanguardialegal.com\/en\/wp-json\/wp\/v2\/users\/1"}],"replies":[{"embeddable":true,"href":"https:\/\/vanguardialegal.com\/en\/wp-json\/wp\/v2\/comments?post=819"}],"version-history":[{"count":4,"href":"https:\/\/vanguardialegal.com\/en\/wp-json\/wp\/v2\/pages\/819\/revisions"}],"predecessor-version":[{"id":900,"href":"https:\/\/vanguardialegal.com\/en\/wp-json\/wp\/v2\/pages\/819\/revisions\/900"}],"up":[{"embeddable":true,"href":"https:\/\/vanguardialegal.com\/en\/wp-json\/wp\/v2\/pages\/813"}],"wp:attachment":[{"href":"https:\/\/vanguardialegal.com\/en\/wp-json\/wp\/v2\/media?parent=819"}],"curies":[{"name":"wp","href":"https:\/\/api.w.org\/{rel}","templated":true}]}}